{"id":1275,"date":"2017-07-03T09:28:03","date_gmt":"2017-07-03T09:28:03","guid":{"rendered":"https:\/\/treballterrassa.cat\/afegeix-una-oferta\/"},"modified":"2018-01-23T21:01:31","modified_gmt":"2018-01-23T21:01:31","slug":"afegeix-una-oferta","status":"publish","type":"page","link":"https:\/\/treballterrassa.cat\/es\/afegeix-una-oferta\/","title":{"rendered":"Introduce una oferta"},"content":{"rendered":"<div class=\"fusion-fullwidth fullwidth-box fusion-builder-row-1 nonhundred-percent-fullwidth non-hundred-percent-height-scrolling\" style=\"--awb-border-radius-top-left:0px;--awb-border-radius-top-right:0px;--awb-border-radius-bottom-right:0px;--awb-border-radius-bottom-left:0px;--awb-flex-wrap:wrap;\" ><div class=\"fusion-builder-row fusion-row\"><div class=\"fusion-layout-column fusion_builder_column fusion-builder-column-0 fusion_builder_column_1_1 1_1 fusion-one-full fusion-column-first fusion-column-last\" style=\"--awb-bg-size:cover;\"><div class=\"fusion-column-wrapper fusion-flex-column-wrapper-legacy\"><div class=\"fusion-sep-clear\"><\/div><div class=\"fusion-separator fusion-full-width-sep\" style=\"margin-left: auto;margin-right: auto;margin-bottom:60px;width:100%;\"><\/div><div class=\"fusion-sep-clear\"><\/div><div class=\"fusion-text fusion-text-1\"><p>Disponemos de la posibilidad de a\u00f1adir ofertas de trabajo para hacer b\u00fasqueda de personal, aprovechando la experiencia de los equipos en la selecci\u00f3n de los mejores candidatos.<\/p>\n<\/div><div class=\"fusion-clearfix\"><\/div><\/div><\/div><div class=\"fusion-layout-column fusion_builder_column fusion-builder-column-1 fusion_builder_column_1_2 1_2 fusion-one-half fusion-column-first\" style=\"--awb-bg-size:cover;width:50%;width:calc(50% - ( ( 4% ) * 0.5 ) );margin-right: 4%;\"><div class=\"fusion-column-wrapper fusion-flex-column-wrapper-legacy\"><div class=\"fusion-image-element in-legacy-container\" style=\"--awb-caption-title-font-family:var(--h2_typography-font-family);--awb-caption-title-font-weight:var(--h2_typography-font-weight);--awb-caption-title-font-style:var(--h2_typography-font-style);--awb-caption-title-size:var(--h2_typography-font-size);--awb-caption-title-transform:var(--h2_typography-text-transform);--awb-caption-title-line-height:var(--h2_typography-line-height);--awb-caption-title-letter-spacing:var(--h2_typography-letter-spacing);\"><span class=\" fusion-imageframe imageframe-none imageframe-1 hover-type-none\"><a class=\"fusion-no-lightbox\" href=\"http:\/\/www.lacecot.org\/gremis\/borsatreball\/asp\/oferta2.asp\" target=\"_blank\" aria-label=\"CECOT\" rel=\"noopener noreferrer\"><img decoding=\"async\" width=\"588\" height=\"157\" src=\"https:\/\/treballterrassa.cat\/wp-content\/uploads\/2017\/07\/cecot_treball.png\" alt class=\"img-responsive wp-image-1230\" srcset=\"https:\/\/treballterrassa.cat\/wp-content\/uploads\/2017\/07\/cecot_treball-200x53.png 200w, https:\/\/treballterrassa.cat\/wp-content\/uploads\/2017\/07\/cecot_treball-400x107.png 400w, https:\/\/treballterrassa.cat\/wp-content\/uploads\/2017\/07\/cecot_treball.png 588w\" sizes=\"(max-width: 800px) 100vw, 588px\" \/><\/a><\/span><\/div><div class=\"fusion-sep-clear\"><\/div><div class=\"fusion-separator fusion-full-width-sep\" style=\"margin-left: auto;margin-right: auto;margin-top:10px;width:100%;\"><\/div><div class=\"fusion-sep-clear\"><\/div><div class=\"fusion-text fusion-text-2\"><p style=\"text-align: center;\"><a href=\"http:\/\/www.lacecot.org\/gremis\/borsatreball\/asp\/oferta2.asp\">Bolsa de trabajo de CECOT<\/a><\/p>\n<\/div><div class=\"fusion-clearfix\"><\/div><\/div><\/div><div class=\"fusion-layout-column fusion_builder_column fusion-builder-column-2 fusion_builder_column_1_2 1_2 fusion-one-half fusion-column-last\" style=\"--awb-bg-size:cover;width:50%;width:calc(50% - ( ( 4% ) * 0.5 ) );\"><div class=\"fusion-column-wrapper fusion-flex-column-wrapper-legacy\"><div class=\"fusion-image-element in-legacy-container\" style=\"--awb-caption-title-font-family:var(--h2_typography-font-family);--awb-caption-title-font-weight:var(--h2_typography-font-weight);--awb-caption-title-font-style:var(--h2_typography-font-style);--awb-caption-title-size:var(--h2_typography-font-size);--awb-caption-title-transform:var(--h2_typography-text-transform);--awb-caption-title-line-height:var(--h2_typography-line-height);--awb-caption-title-letter-spacing:var(--h2_typography-letter-spacing);\"><span class=\" fusion-imageframe imageframe-none imageframe-2 hover-type-none\"><a class=\"fusion-no-lightbox\" href=\"https:\/\/www.terrassaocupacio.cat\/es\/buscas-personal\/\" target=\"_blank\" aria-label=\"Foment de Treball\" rel=\"noopener noreferrer\"><img decoding=\"async\" width=\"588\" height=\"157\" src=\"https:\/\/treballterrassa.cat\/wp-content\/uploads\/2017\/07\/terrassaocupacio_treball.png\" alt class=\"img-responsive wp-image-1229\" srcset=\"https:\/\/treballterrassa.cat\/wp-content\/uploads\/2017\/07\/terrassaocupacio_treball-200x53.png 200w, https:\/\/treballterrassa.cat\/wp-content\/uploads\/2017\/07\/terrassaocupacio_treball-400x107.png 400w, https:\/\/treballterrassa.cat\/wp-content\/uploads\/2017\/07\/terrassaocupacio_treball.png 588w\" sizes=\"(max-width: 800px) 100vw, 588px\" \/><\/a><\/span><\/div><div class=\"fusion-sep-clear\"><\/div><div class=\"fusion-separator fusion-full-width-sep\" style=\"margin-left: auto;margin-right: auto;margin-top:10px;width:100%;\"><\/div><div class=\"fusion-sep-clear\"><\/div><div class=\"fusion-text fusion-text-3\"><p style=\"text-align: center;\"><a href=\"https:\/\/www.terrassaocupacio.cat\/es\/buscas-personal\/\">Bolsa de trabajo de Foment del Terrassa<\/a><\/p>\n<\/div><div class=\"fusion-clearfix\"><\/div><\/div><\/div><\/div><\/div>\n","protected":false},"excerpt":{"rendered":"","protected":false},"author":1,"featured_media":0,"parent":0,"menu_order":0,"comment_status":"closed","ping_status":"closed","template":"","meta":{"footnotes":""},"_links":{"self":[{"href":"https:\/\/treballterrassa.cat\/es\/wp-json\/wp\/v2\/pages\/1275"}],"collection":[{"href":"https:\/\/treballterrassa.cat\/es\/wp-json\/wp\/v2\/pages"}],"about":[{"href":"https:\/\/treballterrassa.cat\/es\/wp-json\/wp\/v2\/types\/page"}],"author":[{"embeddable":true,"href":"https:\/\/treballterrassa.cat\/es\/wp-json\/wp\/v2\/users\/1"}],"replies":[{"embeddable":true,"href":"https:\/\/treballterrassa.cat\/es\/wp-json\/wp\/v2\/comments?post=1275"}],"version-history":[{"count":4,"href":"https:\/\/treballterrassa.cat\/es\/wp-json\/wp\/v2\/pages\/1275\/revisions"}],"predecessor-version":[{"id":1373,"href":"https:\/\/treballterrassa.cat\/es\/wp-json\/wp\/v2\/pages\/1275\/revisions\/1373"}],"wp:attachment":[{"href":"https:\/\/treballterrassa.cat\/es\/wp-json\/wp\/v2\/media?parent=1275"}],"curies":[{"name":"wp","href":"https:\/\/api.w.org\/{rel}","templated":true}]}}